{"id":17306,"date":"2022-06-23T09:07:48","date_gmt":"2022-06-23T07:07:48","guid":{"rendered":"https:\/\/labenefica.org\/noticies\/"},"modified":"2025-12-05T13:31:41","modified_gmt":"2025-12-05T11:31:41","slug":"noticies","status":"publish","type":"page","link":"https:\/\/labenefica.org\/ast\/noticies\/","title":{"rendered":"Noticies"},"content":{"rendered":"\t\t<div data-elementor-type=\"wp-page\" data-elementor-id=\"17306\" class=\"elementor elementor-17306 elementor-5433\" data-elementor-post-type=\"page\">\n\t\t\t\t\t\t<section class=\"elementor-section elementor-top-section elementor-element elementor-element-08fc38c elementor-section-boxed elementor-section-height-default elementor-section-height-default qodef-elementor-content-no\" data-id=\"08fc38c\" data-element_type=\"section\">\n\t\t\t\t\t\t<div class=\"elementor-container elementor-column-gap-default\">\n\t\t\t\t\t<div class=\"elementor-column elementor-col-100 elementor-top-column elementor-element elementor-element-deda5f9\" data-id=\"deda5f9\" data-element_type=\"column\">\n\t\t\t<div class=\"elementor-widget-wrap elementor-element-populated\">\n\t\t\t\t\t\t<div class=\"elementor-element elementor-element-6fc2930 elementor-widget elementor-widget-heading\" data-id=\"6fc2930\" data-element_type=\"widget\" data-widget_type=\"heading.default\">\n\t\t\t\t<div class=\"elementor-widget-container\">\n\t\t\t\t\t<h1 class=\"elementor-heading-title elementor-size-default\">NOTICIES<\/h1>\t\t\t\t<\/div>\n\t\t\t\t<\/div>\n\t\t\t\t<div class=\"elementor-element elementor-element-6e4a778 elementor-widget elementor-widget-text-editor\" data-id=\"6e4a778\" data-element_type=\"widget\" data-widget_type=\"text-editor.default\">\n\t\t\t\t<div class=\"elementor-widget-container\">\n\t\t\t\t\t\t\t\t\t<p style=\"line-height: 1.2; text-align: center;\"><strong>Si quies recibir cada mes la nuestra fueyina de bilordios, suscr\u00edbite darr\u00e9u:<br><\/strong><\/p>\t\t\t\t\t\t\t\t<\/div>\n\t\t\t\t<\/div>\n\t\t\t\t<div class=\"elementor-element elementor-element-fdd535f elementor-widget elementor-widget-text-editor\" data-id=\"fdd535f\" data-element_type=\"widget\" data-widget_type=\"text-editor.default\">\n\t\t\t\t<div class=\"elementor-widget-container\">\n\t\t\t\t\t\t\t\t\t<script>(function() {\n\twindow.mc4wp = window.mc4wp || {\n\t\tlisteners: [],\n\t\tforms: {\n\t\t\ton: function(evt, cb) {\n\t\t\t\twindow.mc4wp.listeners.push(\n\t\t\t\t\t{\n\t\t\t\t\t\tevent   : evt,\n\t\t\t\t\t\tcallback: cb\n\t\t\t\t\t}\n\t\t\t\t);\n\t\t\t}\n\t\t}\n\t}\n})();\n<\/script><!-- Mailchimp for WordPress v4.12.0 - https:\/\/wordpress.org\/plugins\/mailchimp-for-wp\/ --><form id=\"mc4wp-form-1\" class=\"mc4wp-form mc4wp-form-5193\" method=\"post\" data-id=\"5193\" data-name=\"Mal\u00e9ficos\" ><div class=\"mc4wp-form-fields\"><p style=\"text-align: center;\">\r\n\t<label>\r\n\t\t<input type=\"email\" name=\"EMAIL\" placeholder=\"Direcci\u00f3n de correo electr\u00f3nico\" required \/>\r\n<\/label>\r\n\t<input type=\"submit\" value=\"SUSCRIBIRME\" \/>\r\n<\/p><\/div><label style=\"display: none !important;\">Leave this field empty if you&#8217;re human: <input type=\"text\" name=\"_mc4wp_honeypot\" value=\"\" tabindex=\"-1\" autocomplete=\"off\" \/><\/label><input type=\"hidden\" name=\"_mc4wp_timestamp\" value=\"1776185298\" \/><input type=\"hidden\" name=\"_mc4wp_form_id\" value=\"5193\" \/><input type=\"hidden\" name=\"_mc4wp_form_element_id\" value=\"mc4wp-form-1\" \/><div class=\"mc4wp-response\"><\/div><\/form><!-- \/ Mailchimp for WordPress Plugin --><p style=\"font-size: 14px; text-align: center;\">Si nun te presta, siempres pues date de baxa, pero sabemos qu\u2019eso nun va pasar.<\/p>\t\t\t\t\t\t\t\t<\/div>\n\t\t\t\t<\/div>\n\t\t\t\t<div class=\"elementor-element elementor-element-1f18e3d elementor-widget elementor-widget-qi_addons_for_elementor_blog_list\" data-id=\"1f18e3d\" data-element_type=\"widget\" data-widget_type=\"qi_addons_for_elementor_blog_list.default\">\n\t\t\t\t<div class=\"elementor-widget-container\">\n\t\t\t\t\t<div class=\"qodef-shortcode qodef-m qodef-addons-blog-list qodef-alignment--centered qodef-info-no-icons qodef-title--hover-underline qodef-image--hover-zoom qodef-qi-grid qodef-layout--qi-columns qodef-col-num--3 qodef-item-layout--date-boxed qodef-responsive--predefined\" >\n\t<div class=\"qodef-grid-inner\">\n\t\t<article class=\"qodef-e qodef-blog-item qodef-grid-item qodef-item--full post-17604 post type-post status-publish format-standard has-post-thumbnail hentry category-noticies category-programacion-cultural\">\n\t<div class=\"qodef-e-inner\">\n\t\t<div class=\"qodef-e-media-holder\">\n\t\t\t<div class=\"qodef-e-media\">\n\t\t<div class=\"qodef-e-media-image\">\n\t\t<a itemprop=\"url\" href=\"https:\/\/labenefica.org\/ast\/cursos-de-baille-y-teatru\/\">\n\t\t\t<img fetchpriority=\"high\" decoding=\"async\" width=\"1080\" height=\"1920\" src=\"https:\/\/labenefica.org\/wp-content\/uploads\/2026\/01\/Pandereta-Web.jpg\" class=\"attachment-full size-full\" alt=\"\" srcset=\"https:\/\/labenefica.org\/wp-content\/uploads\/2026\/01\/Pandereta-Web.jpg 1080w, https:\/\/labenefica.org\/wp-content\/uploads\/2026\/01\/Pandereta-Web-169x300.jpg 169w, https:\/\/labenefica.org\/wp-content\/uploads\/2026\/01\/Pandereta-Web-576x1024.jpg 576w, https:\/\/labenefica.org\/wp-content\/uploads\/2026\/01\/Pandereta-Web-768x1365.jpg 768w, https:\/\/labenefica.org\/wp-content\/uploads\/2026\/01\/Pandereta-Web-864x1536.jpg 864w, https:\/\/labenefica.org\/wp-content\/uploads\/2026\/01\/Pandereta-Web-1000x1778.jpg 1000w\" sizes=\"(max-width: 1080px) 100vw, 1080px\" \/>\t\t<\/a>\n\t\t\t<\/div>\n<\/div>\n\t\t<\/div>\n\t\t<div class=\"qodef-e-content\">\n\t\t\t\t\t\t<div class=\"qodef-e-text\">\n\t\t\t\t<h3 itemprop=\"name\" class=\"qodef-e-title entry-title\">\n\t<a itemprop=\"url\" class=\"qodef-e-title-link\" href=\"https:\/\/labenefica.org\/ast\/cursos-de-baille-y-teatru\/\">\n\t\tCursos de baille y teatru\t<\/a>\n<\/h3>\n\t\t<p itemprop=\"description\" class=\"qodef-e-excerpt\">\n\t\t\tYe verd\u00e1 qu\u2019en La Ben\u00e9fica solemos tener eventos puntuales, pero tami\u00e9n contamos con cursos de continuid\u00e1 nos que poder venos les cares guapes toles selmanes. 2026 empez\u00e1mos\t\t<\/p>\n\t\t\t\t<\/div>\n\t\t\t\t\t\t\t<div class=\"qodef-e-info qodef-info--bottom\">\n\t\t\t\t\t\t<div class=\"qodef-e-read-more\">\n\t\t<a class=\"qodef-shortcode qodef-m qodef-qi-button qodef-html--link qodef-layout--filled qodef-type--standard qodef-size--full qodef-hover--reveal qodef--reveal-horizontal qodef-icon--right qodef-hover--icon-move-horizontal-short\" href=\"https:\/\/labenefica.org\/ast\/cursos-de-baille-y-teatru\/\" target=\"_self\">\t<span class=\"qodef-m-text\">Lleer noticia completa<\/span>\t<\/a>\t<\/div>\n\t\t\t\t<\/div>\n\t\t\t\t\t<\/div>\n\t<\/div>\n<\/article>\n<article class=\"qodef-e qodef-blog-item qodef-grid-item qodef-item--full post-17445 post type-post status-publish format-standard has-post-thumbnail hentry category-noticies category-programacion-cultural category-proyectos-de-mediacion\">\n\t<div class=\"qodef-e-inner\">\n\t\t<div class=\"qodef-e-media-holder\">\n\t\t\t<div class=\"qodef-e-media\">\n\t\t<div class=\"qodef-e-media-image\">\n\t\t<a itemprop=\"url\" href=\"https:\/\/labenefica.org\/ast\/sintoniza-radio-barullu\/\">\n\t\t\t<img decoding=\"async\" width=\"1080\" height=\"1920\" src=\"https:\/\/labenefica.org\/wp-content\/uploads\/2026\/01\/PRadio-Barullu-IG-Story.jpg\" class=\"attachment-full size-full\" alt=\"\" srcset=\"https:\/\/labenefica.org\/wp-content\/uploads\/2026\/01\/PRadio-Barullu-IG-Story.jpg 1080w, https:\/\/labenefica.org\/wp-content\/uploads\/2026\/01\/PRadio-Barullu-IG-Story-169x300.jpg 169w, https:\/\/labenefica.org\/wp-content\/uploads\/2026\/01\/PRadio-Barullu-IG-Story-576x1024.jpg 576w, https:\/\/labenefica.org\/wp-content\/uploads\/2026\/01\/PRadio-Barullu-IG-Story-768x1365.jpg 768w, https:\/\/labenefica.org\/wp-content\/uploads\/2026\/01\/PRadio-Barullu-IG-Story-864x1536.jpg 864w, https:\/\/labenefica.org\/wp-content\/uploads\/2026\/01\/PRadio-Barullu-IG-Story-1000x1778.jpg 1000w\" sizes=\"(max-width: 1080px) 100vw, 1080px\" \/>\t\t<\/a>\n\t\t\t<\/div>\n<\/div>\n\t\t<\/div>\n\t\t<div class=\"qodef-e-content\">\n\t\t\t\t\t\t<div class=\"qodef-e-text\">\n\t\t\t\t<h3 itemprop=\"name\" class=\"qodef-e-title entry-title\">\n\t<a itemprop=\"url\" class=\"qodef-e-title-link\" href=\"https:\/\/labenefica.org\/ast\/sintoniza-radio-barullu\/\">\n\t\t\u00a1Sintoniza Radio Barullu!\t<\/a>\n<\/h3>\n\t\t<p itemprop=\"description\" class=\"qodef-e-excerpt\">\n\t\t\tY\u00e1 ten\u00edamos munches ganes de compartir con vosotres que&#8230; \u00a1en xineru arranca Radio Barullu! Llevamos dende ochobre pensando y probando \u00a1\u00fan, dos, tres! esti proyectu de me\t\t<\/p>\n\t\t\t\t<\/div>\n\t\t\t\t\t\t\t<div class=\"qodef-e-info qodef-info--bottom\">\n\t\t\t\t\t\t<div class=\"qodef-e-read-more\">\n\t\t<a class=\"qodef-shortcode qodef-m qodef-qi-button qodef-html--link qodef-layout--filled qodef-type--standard qodef-size--full qodef-hover--reveal qodef--reveal-horizontal qodef-icon--right qodef-hover--icon-move-horizontal-short\" href=\"https:\/\/labenefica.org\/ast\/sintoniza-radio-barullu\/\" target=\"_self\">\t<span class=\"qodef-m-text\">Lleer noticia completa<\/span>\t<\/a>\t<\/div>\n\t\t\t\t<\/div>\n\t\t\t\t\t<\/div>\n\t<\/div>\n<\/article>\n<article class=\"qodef-e qodef-blog-item qodef-grid-item qodef-item--full post-17300 post type-post status-publish format-standard hentry category-noticies\">\n\t<div class=\"qodef-e-inner\">\n\t\t<div class=\"qodef-e-media-holder\">\n\t\t\t<div class=\"qodef-e-media\">\n\t<\/div>\n\t\t<\/div>\n\t\t<div class=\"qodef-e-content\">\n\t\t\t\t\t\t<div class=\"qodef-e-text\">\n\t\t\t\t<h3 itemprop=\"name\" class=\"qodef-e-title entry-title\">\n\t<a itemprop=\"url\" class=\"qodef-e-title-link\" href=\"https:\/\/labenefica.org\/ast\/si-esto-foil-99\/\">\n\t\tSi esto foi\u2019l 99\u2026\t<\/a>\n<\/h3>\n\t\t<p itemprop=\"description\" class=\"qodef-e-excerpt\">\n\t\t\tNUN PUEDES PERDETE EL 100 Un cabar\u00e9 qu\u2019acaba con un banderolu de Puxa Pilo\u00f1a saliendo, allegedly, de la pesetina de la stripper \u00darsula Mart\u00ednez nun pudo defraudar\u2026 y sab\u00e9i\t\t<\/p>\n\t\t\t\t<\/div>\n\t\t\t\t\t\t\t<div class=\"qodef-e-info qodef-info--bottom\">\n\t\t\t\t\t\t<div class=\"qodef-e-read-more\">\n\t\t<a class=\"qodef-shortcode qodef-m qodef-qi-button qodef-html--link qodef-layout--filled qodef-type--standard qodef-size--full qodef-hover--reveal qodef--reveal-horizontal qodef-icon--right qodef-hover--icon-move-horizontal-short\" href=\"https:\/\/labenefica.org\/ast\/si-esto-foil-99\/\" target=\"_self\">\t<span class=\"qodef-m-text\">Lleer noticia completa<\/span>\t<\/a>\t<\/div>\n\t\t\t\t<\/div>\n\t\t\t\t\t<\/div>\n\t<\/div>\n<\/article>\n<article class=\"qodef-e qodef-blog-item qodef-grid-item qodef-item--full post-17297 post type-post status-publish format-standard has-post-thumbnail hentry category-noticies\">\n\t<div class=\"qodef-e-inner\">\n\t\t<div class=\"qodef-e-media-holder\">\n\t\t\t<div class=\"qodef-e-media\">\n\t\t<div class=\"qodef-e-media-image\">\n\t\t<a itemprop=\"url\" href=\"https:\/\/labenefica.org\/ast\/la-benefica-en-lo-meyor-de-la-cultura-2024\/\">\n\t\t\t<img decoding=\"async\" width=\"1441\" height=\"2560\" src=\"https:\/\/labenefica.org\/wp-content\/uploads\/2025\/02\/destacada-24-scaled.jpg\" class=\"attachment-full size-full\" alt=\"\" srcset=\"https:\/\/labenefica.org\/wp-content\/uploads\/2025\/02\/destacada-24-scaled.jpg 1441w, https:\/\/labenefica.org\/wp-content\/uploads\/2025\/02\/destacada-24-169x300.jpg 169w, https:\/\/labenefica.org\/wp-content\/uploads\/2025\/02\/destacada-24-576x1024.jpg 576w, https:\/\/labenefica.org\/wp-content\/uploads\/2025\/02\/destacada-24-768x1365.jpg 768w, https:\/\/labenefica.org\/wp-content\/uploads\/2025\/02\/destacada-24-864x1536.jpg 864w, https:\/\/labenefica.org\/wp-content\/uploads\/2025\/02\/destacada-24-1152x2048.jpg 1152w, https:\/\/labenefica.org\/wp-content\/uploads\/2025\/02\/destacada-24-1000x1777.jpg 1000w\" sizes=\"(max-width: 1441px) 100vw, 1441px\" \/>\t\t<\/a>\n\t\t\t<\/div>\n<\/div>\n\t\t<\/div>\n\t\t<div class=\"qodef-e-content\">\n\t\t\t\t\t\t<div class=\"qodef-e-text\">\n\t\t\t\t<h3 itemprop=\"name\" class=\"qodef-e-title entry-title\">\n\t<a itemprop=\"url\" class=\"qodef-e-title-link\" href=\"https:\/\/labenefica.org\/ast\/la-benefica-en-lo-meyor-de-la-cultura-2024\/\">\n\t\tLa Ben\u00e9fica, en \u201cLo meyor de la cultura 2024\u201d\t<\/a>\n<\/h3>\n\t\t<p itemprop=\"description\" class=\"qodef-e-excerpt\">\n\t\t\tL\u2019Observatoriu de la Cultura (Fundaci\u00f3n Contempor\u00e1nea) vien de facer p\u00fablicu, y\u00e1 por tercer a\u00f1u consecutivu, que La Ben\u00e9fica de Pilo\u00f1a ta incluyida nel so llist\u00e1u a\u00f1al d\t\t<\/p>\n\t\t\t\t<\/div>\n\t\t\t\t\t\t\t<div class=\"qodef-e-info qodef-info--bottom\">\n\t\t\t\t\t\t<div class=\"qodef-e-read-more\">\n\t\t<a class=\"qodef-shortcode qodef-m qodef-qi-button qodef-html--link qodef-layout--filled qodef-type--standard qodef-size--full qodef-hover--reveal qodef--reveal-horizontal qodef-icon--right qodef-hover--icon-move-horizontal-short\" href=\"https:\/\/labenefica.org\/ast\/la-benefica-en-lo-meyor-de-la-cultura-2024\/\" target=\"_self\">\t<span class=\"qodef-m-text\">Lleer noticia completa<\/span>\t<\/a>\t<\/div>\n\t\t\t\t<\/div>\n\t\t\t\t\t<\/div>\n\t<\/div>\n<\/article>\n\t<\/div>\n\t<\/div>\n\t\t\t\t<\/div>\n\t\t\t\t<\/div>\n\t\t\t\t\t<\/div>\n\t\t<\/div>\n\t\t\t\t\t<\/div>\n\t\t<\/section>\n\t\t\t\t<\/div>\n\t\t","protected":false},"excerpt":{"rendered":"<p>NOTICIES Si quies recibir cada mes la nuestra fueyina de bilordios, suscr\u00edbite darr\u00e9u: Si nun te presta, siempres pues date de baxa, pero sabemos qu\u2019eso nun va pasar. Si esto fue el 99\u2026 NO TE PUEDES PERDER EL 100 Un cabaret que acaba con un banderolo de Puxa Pilo\u00f1a saliendo, allegedly, de la pesetina de [&hellip;]<\/p>\n","protected":false},"author":1,"featured_media":0,"parent":0,"menu_order":0,"comment_status":"closed","ping_status":"closed","template":"","meta":{"_monsterinsights_skip_tracking":false,"_monsterinsights_sitenote_active":false,"_monsterinsights_sitenote_note":"","_monsterinsights_sitenote_category":0,"footnotes":""},"class_list":["post-17306","page","type-page","status-publish","hentry"],"aioseo_notices":[],"_links":{"self":[{"href":"https:\/\/labenefica.org\/ast\/wp-json\/wp\/v2\/pages\/17306","targetHints":{"allow":["GET"]}}],"collection":[{"href":"https:\/\/labenefica.org\/ast\/wp-json\/wp\/v2\/pages"}],"about":[{"href":"https:\/\/labenefica.org\/ast\/wp-json\/wp\/v2\/types\/page"}],"author":[{"embeddable":true,"href":"https:\/\/labenefica.org\/ast\/wp-json\/wp\/v2\/users\/1"}],"replies":[{"embeddable":true,"href":"https:\/\/labenefica.org\/ast\/wp-json\/wp\/v2\/comments?post=17306"}],"version-history":[{"count":1,"href":"https:\/\/labenefica.org\/ast\/wp-json\/wp\/v2\/pages\/17306\/revisions"}],"predecessor-version":[{"id":17307,"href":"https:\/\/labenefica.org\/ast\/wp-json\/wp\/v2\/pages\/17306\/revisions\/17307"}],"wp:attachment":[{"href":"https:\/\/labenefica.org\/ast\/wp-json\/wp\/v2\/media?parent=17306"}],"curies":[{"name":"wp","href":"https:\/\/api.w.org\/{rel}","templated":true}]}}